{"id":11099,"date":"2022-05-05T07:56:39","date_gmt":"2022-05-05T07:56:39","guid":{"rendered":"https:\/\/www.aluser.com\/?page_id=11099"},"modified":"2024-09-03T12:11:55","modified_gmt":"2024-09-03T12:11:55","slug":"posatore-serramenti-offerte-di-lavoro-milano","status":"publish","type":"page","link":"https:\/\/www.aluser.com\/en\/posatore-serramenti-offerte-di-lavoro-milano\/","title":{"rendered":"Lavora con noi: scopri le nostre offerte di lavoro"},"content":{"rendered":"<h1 class=\"wp-block-heading has-text-align-center\" id=\"h-offerte-di-lavoro-aluser\">Offerte di lavoro Aluser<\/h1>\n\n\n\n<p><\/p>\n\n\n\n<p>Aluser nasce nel 1983 come produttore ed installatore di serramenti in alluminio Schuco. Con gli anni l&#8217;offerta di prodotti si \u00e8 arricchita con soluzioni ad alto contenuto tecnologico in parallelo ad un&#8217;offerta di servizi sempre pi\u00f9 complessa per soddisfare progetti dove artigianalit\u00e0 e posa in opera di qualit\u00e0 danno vita a soluzioni su misura di alto prestigio.<\/p>\n\n\n\n<div style=\"height:39px\" aria-hidden=\"true\" class=\"wp-block-spacer\"><\/div>\n\n\n\n<p class=\"has-medium-font-size\">Siamo alla ricerca attiva dei seguenti profili da inserire nel nostro organico:<\/p>\n\n\n\n<p class=\"has-large-font-size\"><\/p>\n\n\n\n<p class=\"has-large-font-size\"><strong><a href=\"#h-b-VENDITORE\">A. Venditore di infissi &#8211; Business Developer<\/a><\/strong><\/p>\n\n\n\n<div style=\"height:49px\" aria-hidden=\"true\" class=\"wp-block-spacer\"><\/div>\n\n\n\n<p class=\"has-large-font-size\"><strong><a href=\"#h-b-posatore-serramenti\">B. Posatore di infissi<\/a><\/strong><\/p>\n\n\n\n<div style=\"height:100px\" aria-hidden=\"true\" class=\"wp-block-spacer\"><\/div>\n\n\n\n<div class=\"wp-block-group is-layout-constrained wp-block-group-is-layout-constrained\"><div class=\"wp-block-group__inner-container\">\n<h2 class=\"wp-block-heading\" id=\"h-a-venditore-business-developer\">A. Venditore &#8211; Business Developer<\/h2>\n\n\n\n<h3 class=\"wp-block-heading\">Mansioni<\/h3>\n\n\n\n<ul>\n<li>Interfacciarsi con clienti privati e progettisti, in showroom o presso cantieri, per comprendere le necessit\u00e0 e dare consulenza sulla migliore soluzione da implementare<\/li>\n\n\n\n<li>Sviluppo quotazione economica tramite software aziendali ed interfaccia con fornitori e specialisti del settore con cui collabora l&#8217;azienda<\/li>\n\n\n\n<li>Gestione delle trattative per chiusura contratto<\/li>\n\n\n\n<li>Gestione del rapporto con il cliente durante sviluppo commessa e posa in opera<\/li>\n\n\n\n<li>Visita di studi di professionisti per presentare la realt\u00e0 aziendale<\/li>\n\n\n\n<li>Definizione di nuove iniziative marketing per aumentare il numero di lead da gestire<\/li>\n<\/ul>\n\n\n\n<h3 class=\"wp-block-heading\">Requisiti<\/h3>\n\n\n\n<ul>\n<li>Motivazione a lavorare per obiettivi di vendita<\/li>\n\n\n\n<li>Attitudine proattiva <\/li>\n\n\n\n<li>Seriet\u00e0 e professionalit\u00e0<\/li>\n\n\n\n<li>Amore per il proprio lavoro<\/li>\n\n\n\n<li>Curiosit\u00e0 tecnica<\/li>\n\n\n\n<li>Capacit\u00e0 di risolvere i problemi in autonomia<\/li>\n\n\n\n<li>Capacit\u00e0 di lavorare in team<\/li>\n\n\n\n<li>Capacit\u00e0 di lettura disegni tecnici<\/li>\n\n\n\n<li>Plus: capacit\u00e0 di utilizzo software di progettazione tecnica come Autocad<\/li>\n<\/ul>\n\n\n\n<div class=\"wp-block-buttons is-content-justification-center is-layout-flex wp-container-core-buttons-layout-1 wp-block-buttons-is-layout-flex\">\n<div class=\"wp-block-button\"><a class=\"wp-block-button__link wp-element-button\" href=\"https:\/\/www.aluser.com\/en\/contacts\/\">Manda la tua applicazione per questa posizione<\/a><\/div>\n<\/div>\n<\/div><\/div>\n\n\n\n<div style=\"height:100px\" aria-hidden=\"true\" class=\"wp-block-spacer\"><\/div>\n\n\n\n<div class=\"wp-block-group is-layout-constrained wp-block-group-is-layout-constrained\"><div class=\"wp-block-group__inner-container\">\n<h2 class=\"wp-block-heading\" id=\"h-b-posatore-serramenti\">B. Posatore serramenti<\/h2>\n\n\n\n<h3 class=\"wp-block-heading\">Mansioni<\/h3>\n\n\n\n<ul>\n<li>Posa di serramenti battenti, scorrevoli panoramici, verande<\/li>\n\n\n\n<li>Interfacciarsi con ufficio tecnico per comprendere gli schemi di posa in opera<\/li>\n\n\n\n<li>Riportare ad ufficio tecnico lo stato avanzamento cantiere<\/li>\n<\/ul>\n\n\n\n<h3 class=\"wp-block-heading\">Requisiti<\/h3>\n\n\n\n<ul>\n<li>Seriet\u00e0 e professionalit\u00e0<\/li>\n\n\n\n<li>Motivazione e passione per il proprio lavoro<\/li>\n\n\n\n<li>Capacit\u00e0 manuali<\/li>\n\n\n\n<li>Voglia di crescere ed apprendere<\/li>\n\n\n\n<li>Capacit\u00e0 a risolvere i problemi in autonomia<\/li>\n\n\n\n<li>Capacit\u00e0 di lavorare in team<\/li>\n\n\n\n<li>Capacit\u00e0 gestionali<\/li>\n<\/ul>\n<\/div><\/div>\n\n\n\n<div class=\"wp-block-buttons is-content-justification-center is-layout-flex wp-container-core-buttons-layout-2 wp-block-buttons-is-layout-flex\">\n<div class=\"wp-block-button\"><a class=\"wp-block-button__link wp-element-button\" href=\"https:\/\/www.aluser.com\/en\/contacts\/\">Manda la tua applicazione per questa posizione<\/a><\/div>\n<\/div>\n\n\n\n<div style=\"height:100px\" aria-hidden=\"true\" class=\"wp-block-spacer\"><\/div>","protected":false},"excerpt":{"rendered":"<p>Offerte di lavoro Aluser Aluser nasce nel 1983 come produttore ed installatore di serramenti in alluminio Schuco. Con gli anni l&#8217;offerta di prodotti si \u00e8 arricchita con soluzioni ad alto contenuto tecnologico in parallelo ad un&#8217;offerta di servizi sempre pi\u00f9 complessa per soddisfare progetti dove artigianalit\u00e0 e posa in opera di qualit\u00e0 danno vita a [&hellip;]<\/p>","protected":false},"author":3,"featured_media":0,"parent":0,"menu_order":0,"comment_status":"closed","ping_status":"closed","template":"","meta":{"_acf_changed":false,"content-type":"","footnotes":""},"acf":[],"yoast_head":"<!-- This site is optimized with the Yoast SEO Premium plugin v15.6.2 - https:\/\/yoast.com\/wordpress\/plugins\/seo\/ -->\n<title>Lavora con Aluser: Offerte di Lavoro Milano come Posatore di Infissi<\/title>\n<meta name=\"description\" content=\"Aluser Produce e Posa in Opera Serramenti in Alluminio Schuco. Azienda Certificata Posa di Qualit\u00e0, Cerca Posatori di Serramenti.\" \/>\n<meta name=\"robots\" content=\"index, follow, max-snippet:-1, max-image-preview:large, max-video-preview:-1\" \/>\n<link rel=\"canonical\" href=\"https:\/\/www.aluser.com\/en\/posatore-serramenti-offerte-di-lavoro-milano\/\" \/>\n<meta property=\"og:locale\" content=\"en_GB\" \/>\n<meta property=\"og:type\" content=\"article\" \/>\n<meta property=\"og:title\" content=\"Lavora con Aluser: Offerte di Lavoro Milano come Posatore di Infissi\" \/>\n<meta property=\"og:description\" content=\"Aluser Produce e Posa in Opera Serramenti in Alluminio Schuco. Azienda Certificata Posa di Qualit\u00e0, Cerca Posatori di Serramenti.\" \/>\n<meta property=\"og:url\" content=\"https:\/\/www.aluser.com\/en\/posatore-serramenti-offerte-di-lavoro-milano\/\" \/>\n<meta property=\"og:site_name\" content=\"Aluser\" \/>\n<meta property=\"article:modified_time\" content=\"2024-09-03T12:11:55+00:00\" \/>\n<meta name=\"twitter:card\" content=\"summary\" \/>\n<meta name=\"twitter:label1\" content=\"Estimated reading time\">\n\t<meta name=\"twitter:data1\" content=\"1 minute\">\n<script type=\"application\/ld+json\" class=\"yoast-schema-graph\">{\"@context\":\"https:\/\/schema.org\",\"@graph\":[{\"@type\":\"Organization\",\"@id\":\"https:\/\/www.aluser.com\/#organization\",\"name\":\"Aluser\",\"url\":\"https:\/\/www.aluser.com\/\",\"sameAs\":[],\"logo\":{\"@type\":\"ImageObject\",\"@id\":\"https:\/\/www.aluser.com\/#logo\",\"inLanguage\":\"en-GB\",\"url\":\"https:\/\/www.aluser.com\/wp-content\/uploads\/2017\/08\/logoAluser.png\",\"width\":232,\"height\":70,\"caption\":\"Aluser\"},\"image\":{\"@id\":\"https:\/\/www.aluser.com\/#logo\"}},{\"@type\":\"WebSite\",\"@id\":\"https:\/\/www.aluser.com\/#website\",\"url\":\"https:\/\/www.aluser.com\/\",\"name\":\"Aluser\",\"description\":\"Proteggi il tuo benessere\",\"publisher\":{\"@id\":\"https:\/\/www.aluser.com\/#organization\"},\"potentialAction\":[{\"@type\":\"SearchAction\",\"target\":\"https:\/\/www.aluser.com\/?s={search_term_string}\",\"query-input\":\"required name=search_term_string\"}],\"inLanguage\":\"en-GB\"},{\"@type\":\"WebPage\",\"@id\":\"https:\/\/www.aluser.com\/posatore-serramenti-offerte-di-lavoro-milano\/#webpage\",\"url\":\"https:\/\/www.aluser.com\/posatore-serramenti-offerte-di-lavoro-milano\/\",\"name\":\"Lavora con Aluser: Offerte di Lavoro Milano come Posatore di Infissi\",\"isPartOf\":{\"@id\":\"https:\/\/www.aluser.com\/#website\"},\"datePublished\":\"2022-05-05T07:56:39+00:00\",\"dateModified\":\"2024-09-03T12:11:55+00:00\",\"description\":\"Aluser Produce e Posa in Opera Serramenti in Alluminio Schuco. Azienda Certificata Posa di Qualit\\u00e0, Cerca Posatori di Serramenti.\",\"breadcrumb\":{\"@id\":\"https:\/\/www.aluser.com\/posatore-serramenti-offerte-di-lavoro-milano\/#breadcrumb\"},\"inLanguage\":\"en-GB\",\"potentialAction\":[{\"@type\":\"ReadAction\",\"target\":[\"https:\/\/www.aluser.com\/posatore-serramenti-offerte-di-lavoro-milano\/\"]}]},{\"@type\":\"BreadcrumbList\",\"@id\":\"https:\/\/www.aluser.com\/posatore-serramenti-offerte-di-lavoro-milano\/#breadcrumb\",\"itemListElement\":[{\"@type\":\"ListItem\",\"position\":1,\"item\":{\"@type\":\"WebPage\",\"@id\":\"https:\/\/www.aluser.com\/\",\"url\":\"https:\/\/www.aluser.com\/\",\"name\":\"Home\"}},{\"@type\":\"ListItem\",\"position\":2,\"item\":{\"@type\":\"WebPage\",\"@id\":\"https:\/\/www.aluser.com\/posatore-serramenti-offerte-di-lavoro-milano\/\",\"url\":\"https:\/\/www.aluser.com\/posatore-serramenti-offerte-di-lavoro-milano\/\",\"name\":\"Lavora con noi: scopri le nostre offerte di lavoro\"}}]}]}<\/script>\n<!-- \/ Yoast SEO Premium plugin. -->","_links":{"self":[{"href":"https:\/\/www.aluser.com\/en\/wp-json\/wp\/v2\/pages\/11099"}],"collection":[{"href":"https:\/\/www.aluser.com\/en\/wp-json\/wp\/v2\/pages"}],"about":[{"href":"https:\/\/www.aluser.com\/en\/wp-json\/wp\/v2\/types\/page"}],"author":[{"embeddable":true,"href":"https:\/\/www.aluser.com\/en\/wp-json\/wp\/v2\/users\/3"}],"replies":[{"embeddable":true,"href":"https:\/\/www.aluser.com\/en\/wp-json\/wp\/v2\/comments?post=11099"}],"version-history":[{"count":8,"href":"https:\/\/www.aluser.com\/en\/wp-json\/wp\/v2\/pages\/11099\/revisions"}],"predecessor-version":[{"id":14161,"href":"https:\/\/www.aluser.com\/en\/wp-json\/wp\/v2\/pages\/11099\/revisions\/14161"}],"wp:attachment":[{"href":"https:\/\/www.aluser.com\/en\/wp-json\/wp\/v2\/media?parent=11099"}],"curies":[{"name":"wp","href":"https:\/\/api.w.org\/{rel}","templated":true}]}}